{"id":463,"date":"2025-01-06T15:34:09","date_gmt":"2025-01-06T15:34:09","guid":{"rendered":"https:\/\/www.h2ofeeling.com\/?page_id=463"},"modified":"2025-03-18T11:25:48","modified_gmt":"2025-03-18T11:25:48","slug":"cruzeiros","status":"publish","type":"page","link":"https:\/\/www.h2ofeeling.com\/en\/cruzeiros\/","title":{"rendered":"Cruises"},"content":{"rendered":"<p>[et_pb_section fb_built=&#8221;1&#8243; fullwidth=&#8221;on&#8221; module_class=&#8221;passeios-luxo-banner&#8221; _builder_version=&#8221;4.27.3&#8243; _module_preset=&#8221;default&#8221; background_image=&#8221;https:\/\/www.h2ofeeling.com\/wp-content\/uploads\/2025\/01\/banner-hero-cruzeiros.jpg&#8221; position_origin_a=&#8221;top_center&#8221; vertical_offset=&#8221;-234px&#8221; height=&#8221;900px&#8221; custom_margin=&#8221;0px||0px||false|false&#8221; custom_padding=&#8221;0px||0px||false|false&#8221; global_colors_info=&#8221;{}&#8221;][et_pb_fullwidth_slider show_arrows=&#8221;off&#8221; show_pagination=&#8221;off&#8221; disabled_on=&#8221;on|on|on&#8221; _builder_version=&#8221;4.27.3&#8243; _module_preset=&#8221;default&#8221; header_font=&#8221;|600||on|||||&#8221; header_font_size=&#8221;2.2em&#8221; header_line_height=&#8221;2em&#8221; background_color=&#8221;RGBA(255,255,255,0)&#8221; background_enable_image=&#8221;off&#8221; custom_button=&#8221;on&#8221; button_text_color=&#8221;#2a3a46&#8243; button_bg_color=&#8221;#FFFFFF&#8221; button_border_width=&#8221;0px&#8221; button_font=&#8221;|||on|||||&#8221; max_width=&#8221;60%&#8221; module_alignment=&#8221;center&#8221; height=&#8221;900px&#8221; custom_margin=&#8221;0px|0px|0px|0px|false|false&#8221; custom_padding=&#8221;0px|0px|0px|0px|false|false&#8221; custom_css_slide_description=&#8221;padding: 30px 40px 40px 40px;||background-color: #00000080;||margin-top: 200px;||border-radius: 12px;&#8221; disabled=&#8221;on&#8221; global_colors_info=&#8221;{}&#8221; button_bg_color__hover_enabled=&#8221;on|hover&#8221; button_bg_color__hover=&#8221;#2a3a46&#8243; button_bg_enable_color__hover=&#8221;on&#8221; button_text_color__hover_enabled=&#8221;on|hover&#8221; button_text_color__hover=&#8221;#FFFFFF&#8221;][et_pb_slide heading=&#8221;Descubra o que o H2O Feeling tem para oferecer.&#8221; button_text=&#8221;Conhe\u00e7a a atividade&#8221; button_link=&#8221;#passios-de-luxo&#8221; _builder_version=&#8221;4.27.3&#8243; _module_preset=&#8221;default&#8221; body_font_size=&#8221;1.4em&#8221; background_enable_color=&#8221;off&#8221; text_orientation=&#8221;left&#8221; custom_padding=&#8221;||||false|false&#8221; global_colors_info=&#8221;{}&#8221; sticky_transition=&#8221;on&#8221;]<\/p>\n<p>Navegue por paisagens deslumbrantes enquanto desfruta de experi\u00eancias \u00fanicas que combinam luxo e natureza. Desde passeios relaxantes pelo Douro at\u00e9 aventuras emocionantes em atividades aqu\u00e1ticas, temos algo para todos.<\/p>\n<p>Deixe-se envolver pela beleza das vinhas e pela riqueza da gastronomia local, tudo enquanto reduz a sua pegada de carbono. Venha viver momentos inesquec\u00edveis connosco.<\/p>\n<p>[\/et_pb_slide][\/et_pb_fullwidth_slider][\/et_pb_section][et_pb_section fb_built=&#8221;1&#8243; _builder_version=&#8221;4.27.3&#8243; _module_preset=&#8221;default&#8221; background_color=&#8221;rgba(255,255,255,0)&#8221; z_index=&#8221;3&#8243; custom_margin=&#8221;-322px||||false|false&#8221; custom_padding=&#8221;0px||0px|||&#8221; global_colors_info=&#8221;{}&#8221;][et_pb_row module_id=&#8221;passios-de-luxo&#8221; _builder_version=&#8221;4.27.3&#8243; _module_preset=&#8221;default&#8221; global_colors_info=&#8221;{}&#8221;][et_pb_column type=&#8221;4_4&#8243; _builder_version=&#8221;4.27.3&#8243; _module_preset=&#8221;default&#8221; global_colors_info=&#8221;{}&#8221;][et_pb_text _builder_version=&#8221;4.27.4&#8243; _module_preset=&#8221;default&#8221; text_font=&#8221;|600|||||||&#8221; header_font=&#8221;|700||on|||||&#8221; header_text_align=&#8221;center&#8221; header_text_color=&#8221;#2a3a46&#8243; header_font_size=&#8221;3em&#8221; header_2_font=&#8221;|600|||||||&#8221; header_2_text_align=&#8221;center&#8221; width=&#8221;65%&#8221; module_alignment=&#8221;center&#8221; hover_enabled=&#8221;0&#8243; global_colors_info=&#8221;{}&#8221; sticky_enabled=&#8221;0&#8243;]<\/p>\n<h1>Cruises<\/h1>\n<p>[\/et_pb_text][et_pb_text _builder_version=&#8221;4.27.3&#8243; _module_preset=&#8221;default&#8221; text_text_color=&#8221;#2a3a46&#8243; text_font_size=&#8221;1.7em&#8221; global_colors_info=&#8221;{}&#8221;]<\/p>\n<p>Trips on large cruise ships that travel along various sea routes, with stops at tourist ports.<\/p>\n<p>Boat trips on rivers and canals, including river cruises, with an emphasis on navigation through natural and cultural landscapes along the banks.<\/p>\n<p>[\/et_pb_text][et_pb_text _builder_version=&#8221;4.27.3&#8243; _module_preset=&#8221;default&#8221; text_font=&#8221;|600|||||||&#8221; header_font=&#8221;|600||on|||||&#8221; header_text_align=&#8221;center&#8221; header_text_color=&#8221;#2a3a46&#8243; width=&#8221;65%&#8221; module_alignment=&#8221;center&#8221; custom_margin=&#8221;60px||16px||false|false&#8221; global_colors_info=&#8221;{}&#8221;]<\/p>\n<h1>Main Destinations<\/h1>\n<p>[\/et_pb_text][et_pb_text _builder_version=&#8221;4.27.3&#8243; _module_preset=&#8221;default&#8221; text_text_color=&#8221;#2a3a46&#8243; text_font_size=&#8221;1.7em&#8221; global_colors_info=&#8221;{}&#8221;]<\/p>\n<p><strong>Large cruises:<\/strong> Caribbean, Mediterranean, Alaska, Norwegian Fjords, around the world.<\/p>\n<p><strong>River Cruises:<\/strong>\u00a0Portugal (Douro), Danube River (Europe), Rhine River (Europe), Amazon River (Brazil\/Peru), Mekong River (Southeast Asia).<\/p>\n<p>[\/et_pb_text][\/et_pb_column][\/et_pb_row][\/et_pb_section][et_pb_section fb_built=&#8221;1&#8243; _builder_version=&#8221;4.27.3&#8243; _module_preset=&#8221;default&#8221; background_enable_color=&#8221;off&#8221; background_enable_image=&#8221;off&#8221; background_position=&#8221;bottom_center&#8221; custom_padding=&#8221;64px||0px|||&#8221; locked=&#8221;off&#8221; global_colors_info=&#8221;{}&#8221;][et_pb_row _builder_version=&#8221;4.27.3&#8243; _module_preset=&#8221;default&#8221; custom_padding=&#8221;0px|||||&#8221; global_colors_info=&#8221;{}&#8221;][et_pb_column type=&#8221;4_4&#8243; _builder_version=&#8221;4.27.3&#8243; _module_preset=&#8221;default&#8221; global_colors_info=&#8221;{}&#8221;][et_pb_text _builder_version=&#8221;4.27.3&#8243; _module_preset=&#8221;default&#8221; text_font=&#8221;|600|||||||&#8221; header_font=&#8221;|600||on|||||&#8221; header_text_align=&#8221;center&#8221; header_text_color=&#8221;#2a3a46&#8243; width=&#8221;65%&#8221; module_alignment=&#8221;center&#8221; global_colors_info=&#8221;{}&#8221;]<\/p>\n<h1>Gallery<\/h1>\n<p>[\/et_pb_text][\/et_pb_column][\/et_pb_row][et_pb_row _builder_version=&#8221;4.27.3&#8243; _module_preset=&#8221;default&#8221; max_width=&#8221;100%&#8221; global_colors_info=&#8221;{}&#8221;][et_pb_column type=&#8221;4_4&#8243; _builder_version=&#8221;4.27.3&#8243; _module_preset=&#8221;default&#8221; global_colors_info=&#8221;{}&#8221;][et_pb_gallery gallery_ids=&#8221;596,594,595,593,592,590,591,589&#8243; posts_number=&#8221;8&#8243; show_title_and_caption=&#8221;off&#8221; show_pagination=&#8221;off&#8221; zoom_icon_color=&#8221;#2a3a46&#8243; hover_overlay_color=&#8221;rgba(255,255,255,0.5)&#8221; _builder_version=&#8221;4.27.4&#8243; _module_preset=&#8221;default&#8221; title_font=&#8221;|||on|||||&#8221; title_text_align=&#8221;center&#8221; caption_font=&#8221;|600||on|||||&#8221; border_radii_image=&#8221;on|12px|12px|12px|12px&#8221; global_colors_info=&#8221;{}&#8221;][\/et_pb_gallery][\/et_pb_column][\/et_pb_row][\/et_pb_section]<\/p>","protected":false},"excerpt":{"rendered":"<p>Navegue por paisagens deslumbrantes enquanto desfruta de experi\u00eancias \u00fanicas que combinam luxo e natureza. Desde passeios relaxantes pelo Douro at\u00e9 aventuras emocionantes em atividades aqu\u00e1ticas, temos algo para todos. Deixe-se envolver pela beleza das vinhas e pela riqueza da gastronomia local, tudo enquanto reduz a sua pegada de carbono. Venha viver momentos inesquec\u00edveis connosco.CruzeirosViagens em [&hellip;]<\/p>","protected":false},"author":1,"featured_media":0,"parent":0,"menu_order":0,"comment_status":"closed","ping_status":"closed","template":"","meta":{"_et_pb_use_builder":"on","_et_pb_old_content":"","_et_gb_content_width":"","footnotes":""},"class_list":["post-463","page","type-page","status-publish","hentry"],"_links":{"self":[{"href":"https:\/\/www.h2ofeeling.com\/en\/wp-json\/wp\/v2\/pages\/463","targetHints":{"allow":["GET"]}}],"collection":[{"href":"https:\/\/www.h2ofeeling.com\/en\/wp-json\/wp\/v2\/pages"}],"about":[{"href":"https:\/\/www.h2ofeeling.com\/en\/wp-json\/wp\/v2\/types\/page"}],"author":[{"embeddable":true,"href":"https:\/\/www.h2ofeeling.com\/en\/wp-json\/wp\/v2\/users\/1"}],"replies":[{"embeddable":true,"href":"https:\/\/www.h2ofeeling.com\/en\/wp-json\/wp\/v2\/comments?post=463"}],"version-history":[{"count":9,"href":"https:\/\/www.h2ofeeling.com\/en\/wp-json\/wp\/v2\/pages\/463\/revisions"}],"predecessor-version":[{"id":704,"href":"https:\/\/www.h2ofeeling.com\/en\/wp-json\/wp\/v2\/pages\/463\/revisions\/704"}],"wp:attachment":[{"href":"https:\/\/www.h2ofeeling.com\/en\/wp-json\/wp\/v2\/media?parent=463"}],"curies":[{"name":"wp","href":"https:\/\/api.w.org\/{rel}","templated":true}]}}